{"id":352,"date":"2020-11-04T12:13:06","date_gmt":"2020-11-04T12:13:06","guid":{"rendered":"https:\/\/themes.getmotopress.com\/albatross\/?page_id=352"},"modified":"2025-05-05T22:23:40","modified_gmt":"2025-05-05T22:23:40","slug":"accommodations-default","status":"publish","type":"page","link":"https:\/\/palmarinn.mx\/?page_id=352","title":{"rendered":"Habitaciones"},"content":{"rendered":"\t\t<div data-elementor-type=\"wp-page\" data-elementor-id=\"352\" class=\"elementor elementor-352\">\n\t\t\t\t\t\t<section class=\"elementor-section elementor-top-section elementor-element elementor-element-6b2fbe42 elementor-section-boxed elementor-section-height-default elementor-section-height-default\" data-id=\"6b2fbe42\" data-element_type=\"section\">\n\t\t\t\t\t\t<div class=\"elementor-container elementor-column-gap-no\">\n\t\t\t\t\t<div class=\"elementor-column elementor-col-100 elementor-top-column elementor-element elementor-element-269eb9cf\" data-id=\"269eb9cf\" data-element_type=\"column\">\n\t\t\t<div class=\"elementor-widget-wrap elementor-element-populated\">\n\t\t\t\t\t\t<div class=\"elementor-element elementor-element-4d764b81 elementor-widget elementor-widget-shortcode\" data-id=\"4d764b81\" data-element_type=\"widget\" data-widget_type=\"shortcode.default\">\n\t\t\t\t<div class=\"elementor-widget-container\">\n\t\t\t\t\t\t\t<div class=\"elementor-shortcode\"><div class=\"mphb_sc_rooms-wrapper mphb-room-types \">    <div class=\"rooms-wrapper\">\n\t\n<div class=\"mphb-room-type post-586 mphb_room_type type-mphb_room_type status-publish has-post-thumbnail mphb_room_type_facility-amenidades mphb_room_type_facility-esenciales-sanitario mphb_room_type_facility-estacionamiento mphb_room_type_facility-sky-tv mphb_room_type_facility-wi-fi mphb-room-type-adults-4 mphb-room-type-children-2 \">\n\n\t\n\t        <div class=\"mphb-room-type-images\">\n\t\t\t\n\n\t<p class=\"post-thumbnail mphb-loop-room-thumbnail\">\n\t<a href=\"https:\/\/palmarinn.mx\/?mphb_room_type=habitacion-doble\">\n\t<img fetchpriority=\"high\" decoding=\"async\" width=\"720\" height=\"560\" src=\"https:\/\/palmarinn.mx\/wp-content\/uploads\/2025\/05\/Habitacion-doble-e1772914288465.jpg\" class=\"attachment-post-thumbnail size-post-thumbnail wp-post-image\" alt=\"Habitaci\u00f3n doble\" srcset=\"https:\/\/palmarinn.mx\/wp-content\/uploads\/2025\/05\/Habitacion-doble-e1772914288465.jpg 720w, https:\/\/palmarinn.mx\/wp-content\/uploads\/2025\/05\/Habitacion-doble-e1772914288465-300x233.jpg 300w, https:\/\/palmarinn.mx\/wp-content\/uploads\/2025\/05\/Habitacion-doble-e1772914288465-386x300.jpg 386w\" sizes=\"(max-width: 720px) 100vw, 720px\" \/>\t<\/a>\n\n\t<\/p>\n        <\/div>\n\t\t        <div class=\"mphb-room-type-content-wrapper\">\n            <div class=\"mphb-room-type-content\">\n\t\t\t\t                    <div class=\"mphb-room-type-description\">\n\t\t\t\t\t\t\n<h2 class=\"mphb-room-type-title entry-title\">\n\n<a class=\"mphb-room-type-title\" href=\"https:\/\/palmarinn.mx\/?mphb_room_type=habitacion-doble\">HABITACI\u00d3N DOBLE<\/a>\n\n<\/h2>\n\n\t<p class=\"mphb-regular-price\"><strong>Los precios comienzan en:<\/strong>\n\t<span class=\"mphb-price\"><span class=\"mphb-currency\">&#36;<\/span>1,075<\/span> <span class=\"mphb-price-period\" title=\"Choose dates to see relevant prices\">por noche<\/span>\n\t<\/p>\n\t                            <div class=\"mphb-room-type-excerpt\">\n\t\t\t\t\t\t\t\t\n\n<p>Una estancia pr\u00e1ctica con dos camas matrimoniales de m\u00e1ximo confort, climatizaci\u00f3n ajustable, WiFi r\u00e1pido y un escritorio funcional. Incluye ba\u00f1o privado con ducha, amenities b\u00e1sicos (jab\u00f3n, shampoo) y cl\u00f3set espacioso. Ideal para descansar, trabajar y disfrutar de una estancia tranquila y c\u00f3moda. <\/p>\n\n                            <\/div>\n\t\t\t\t\t\t\n<h3 class=\"mphb-room-type-details-title\">Detalles<\/h3><ul class=\"mphb-loop-room-type-attributes\">\n\t<li class=\"mphb-room-type-total-capacity\"><span class=\"mphb-attribute-title mphb-total-capacity-title\">Hu\u00e9spedes:<\/span><span class=\"mphb-attribute-value\">\n\t4\n\t<\/span><\/li>\t\n\n\n\n\t<li class=\"mphb-room-type-facilities\"><span class=\"mphb-attribute-title mphb-facilities-title\">Amenidades:<\/span><span class=\"mphb-attribute-value\"> <span class=\"facility-amenidades\"><a href=\"https:\/\/palmarinn.mx\/?mphb_room_type_facility=amenidades\">Amenidades<\/a><\/span>, <span class=\"facility-esenciales-sanitario\"><a href=\"https:\/\/palmarinn.mx\/?mphb_room_type_facility=esenciales-sanitario\">Esenciales de sanitario<\/a><\/span>, <span class=\"facility-estacionamiento\"><a href=\"https:\/\/palmarinn.mx\/?mphb_room_type_facility=estacionamiento\">Estacionamiento gratis<\/a><\/span>, <span class=\"facility-sky-tv\"><a href=\"https:\/\/palmarinn.mx\/?mphb_room_type_facility=sky-tv\">SKY TV<\/a><\/span>, <span class=\"facility-wi-fi\"><a href=\"https:\/\/palmarinn.mx\/?mphb_room_type_facility=wi-fi\">Wi-Fi<\/a><\/span><\/span><\/li>\n\t\n\n\n\t<li class=\"mphb-room-type-view\"><span class=\"mphb-attribute-title mphb-view-title\">Ver:<\/span><span class=\"mphb-attribute-value\">\n\tAl jardin\n\t<\/span><\/li>\n\t\n\n\n\n\t<li class=\"mphb-room-type-bed-type\"><span  class=\"mphb-attribute-title mphb-bed-type-title\">Tipo de Cama:<\/span><span class=\"mphb-attribute-value\">\n\t2 camas matrimoniales\n\t<\/span><\/li>\n\t\n\n<\/ul>                    <\/div>\n\t\t\t\t                    <div class=\"mphb-room-type-buttons\">\n\t\t\t\t\t\t\n<div class=\"mphb-to-book-btn-wrapper\">\n<form action=\"https:\/\/palmarinn.mx\/?mphb_room_type=habitacion-doble#booking-form-586\" method=\"get\" ><input type=\"hidden\" name=\"mphb_room_type\" value=\"habitacion-doble\" \/><button type=\"submit\" class=\"button mphb-book-button\" ><svg enable-background=\"new 0 0 30.99 6.99\" \n\t\t\t\tviewBox=\"0 0 30.99 6.99\" xml:space=\"preserve\" xmlns=\"http:\/\/www.w3.org\/2000\/svg\">\n            \t<rect y=\"3\" width=\"30\" height=\"1\"><\/rect><polyline points=\"26.78 0.68 28.18 2.08 29.58 3.48 26.8 6.26 \n            \t27.53 6.99 30.99 3.53 27.46 0\"><\/polyline><\/svg>Book now<\/button><\/form>\n<\/div>\n<p class=\"mphb-view-details-button-wrapper\">\n<a class=\"button mphb-view-details-button\" href=\"https:\/\/palmarinn.mx\/?mphb_room_type=habitacion-doble\" >Ver detalles<\/a>\n<\/p>                    <\/div>\n\t\t\t\t            <\/div>\n        <\/div>\n\t\n<\/div>\n\n\n<div class=\"mphb-room-type post-539 mphb_room_type type-mphb_room_type status-publish has-post-thumbnail mphb_room_type_facility-esenciales-sanitario mphb_room_type_facility-estacionamiento mphb_room_type_facility-sky-tv mphb_room_type_facility-wi-fi mphb-room-type-adults-2 mphb-room-type-children-1 \">\n\n\t\n\t        <div class=\"mphb-room-type-images\">\n\t\t\t\n\n\t<p class=\"post-thumbnail mphb-loop-room-thumbnail\">\n\t<a href=\"https:\/\/palmarinn.mx\/?mphb_room_type=habitacion-sencilla\">\n\t<img decoding=\"async\" width=\"1620\" height=\"991\" src=\"https:\/\/palmarinn.mx\/wp-content\/uploads\/2025\/05\/Habitacion-sencilla-1620x991.jpg\" class=\"attachment-post-thumbnail size-post-thumbnail wp-post-image\" alt=\"\" srcset=\"https:\/\/palmarinn.mx\/wp-content\/uploads\/2025\/05\/Habitacion-sencilla-1620x991.jpg 1620w, https:\/\/palmarinn.mx\/wp-content\/uploads\/2025\/05\/Habitacion-sencilla-300x184.jpg 300w, https:\/\/palmarinn.mx\/wp-content\/uploads\/2025\/05\/Habitacion-sencilla-1024x626.jpg 1024w, https:\/\/palmarinn.mx\/wp-content\/uploads\/2025\/05\/Habitacion-sencilla-768x470.jpg 768w, https:\/\/palmarinn.mx\/wp-content\/uploads\/2025\/05\/Habitacion-sencilla-1536x940.jpg 1536w, https:\/\/palmarinn.mx\/wp-content\/uploads\/2025\/05\/Habitacion-sencilla-2048x1253.jpg 2048w, https:\/\/palmarinn.mx\/wp-content\/uploads\/2025\/05\/Habitacion-sencilla-490x300.jpg 490w\" sizes=\"(max-width: 1620px) 100vw, 1620px\" \/>\t<\/a>\n\n\t<\/p>\n        <\/div>\n\t\t        <div class=\"mphb-room-type-content-wrapper\">\n            <div class=\"mphb-room-type-content\">\n\t\t\t\t                    <div class=\"mphb-room-type-description\">\n\t\t\t\t\t\t\n<h2 class=\"mphb-room-type-title entry-title\">\n\n<a class=\"mphb-room-type-title\" href=\"https:\/\/palmarinn.mx\/?mphb_room_type=habitacion-sencilla\">HABITACI\u00d3N SENCILLA<\/a>\n\n<\/h2>\n\n\t<p class=\"mphb-regular-price\"><strong>Los precios comienzan en:<\/strong>\n\t<span class=\"mphb-price\"><span class=\"mphb-currency\">&#36;<\/span>1,075<\/span> <span class=\"mphb-price-period\" title=\"Choose dates to see relevant prices\">por noche<\/span>\n\t<\/p>\n\t                            <div class=\"mphb-room-type-excerpt\">\n\t\t\t\t\t\t\t\t\n\n<p>Una estancia pr\u00e1ctica con cama king size de m\u00e1ximo confort, climatizaci\u00f3n ajustable, WiFi r\u00e1pido y un escritorio funcional. Incluye ba\u00f1o privado con ducha, amenities b\u00e1sicos (jab\u00f3n, shampoo) y cl\u00f3set espacioso. Ideal para descansar, trabajar y disfrutar de una estancia tranquila y c\u00f3moda. <\/p>\n\n                            <\/div>\n\t\t\t\t\t\t\n<h3 class=\"mphb-room-type-details-title\">Detalles<\/h3><ul class=\"mphb-loop-room-type-attributes\">\n\t<li class=\"mphb-room-type-total-capacity\"><span class=\"mphb-attribute-title mphb-total-capacity-title\">Hu\u00e9spedes:<\/span><span class=\"mphb-attribute-value\">\n\t2\n\t<\/span><\/li>\t\n\n\n\n\t<li class=\"mphb-room-type-facilities\"><span class=\"mphb-attribute-title mphb-facilities-title\">Amenidades:<\/span><span class=\"mphb-attribute-value\"> <span class=\"facility-esenciales-sanitario\"><a href=\"https:\/\/palmarinn.mx\/?mphb_room_type_facility=esenciales-sanitario\">Esenciales de sanitario<\/a><\/span>, <span class=\"facility-estacionamiento\"><a href=\"https:\/\/palmarinn.mx\/?mphb_room_type_facility=estacionamiento\">Estacionamiento gratis<\/a><\/span>, <span class=\"facility-sky-tv\"><a href=\"https:\/\/palmarinn.mx\/?mphb_room_type_facility=sky-tv\">SKY TV<\/a><\/span>, <span class=\"facility-wi-fi\"><a href=\"https:\/\/palmarinn.mx\/?mphb_room_type_facility=wi-fi\">Wi-Fi<\/a><\/span><\/span><\/li>\n\t\n\n\n\t<li class=\"mphb-room-type-view\"><span class=\"mphb-attribute-title mphb-view-title\">Ver:<\/span><span class=\"mphb-attribute-value\">\n\tAl jardin\n\t<\/span><\/li>\n\t\n\n\n\n\t<li class=\"mphb-room-type-bed-type\"><span  class=\"mphb-attribute-title mphb-bed-type-title\">Tipo de Cama:<\/span><span class=\"mphb-attribute-value\">\n\t1 Cama king size\n\t<\/span><\/li>\n\t\n\n<\/ul>                    <\/div>\n\t\t\t\t                    <div class=\"mphb-room-type-buttons\">\n\t\t\t\t\t\t\n<div class=\"mphb-to-book-btn-wrapper\">\n<form action=\"https:\/\/palmarinn.mx\/?mphb_room_type=habitacion-sencilla#booking-form-539\" method=\"get\" ><input type=\"hidden\" name=\"mphb_room_type\" value=\"habitacion-sencilla\" \/><button type=\"submit\" class=\"button mphb-book-button\" ><svg enable-background=\"new 0 0 30.99 6.99\" \n\t\t\t\tviewBox=\"0 0 30.99 6.99\" xml:space=\"preserve\" xmlns=\"http:\/\/www.w3.org\/2000\/svg\">\n            \t<rect y=\"3\" width=\"30\" height=\"1\"><\/rect><polyline points=\"26.78 0.68 28.18 2.08 29.58 3.48 26.8 6.26 \n            \t27.53 6.99 30.99 3.53 27.46 0\"><\/polyline><\/svg>Book now<\/button><\/form>\n<\/div>\n<p class=\"mphb-view-details-button-wrapper\">\n<a class=\"button mphb-view-details-button\" href=\"https:\/\/palmarinn.mx\/?mphb_room_type=habitacion-sencilla\" >Ver detalles<\/a>\n<\/p>                    <\/div>\n\t\t\t\t            <\/div>\n        <\/div>\n\t\n<\/div>\n\n    <\/div>\n\t<\/div><\/div>\n\t\t\t\t\t\t<\/div>\n\t\t\t\t<\/div>\n\t\t\t\t\t<\/div>\n\t\t<\/div>\n\t\t\t\t\t<\/div>\n\t\t<\/section>\n\t\t\t\t<\/div>\n\t\t","protected":false},"excerpt":{"rendered":"","protected":false},"author":1,"featured_media":0,"parent":0,"menu_order":0,"comment_status":"closed","ping_status":"closed","template":"template-page-sidebar.php","meta":{"inline_featured_image":false,"footnotes":""},"class_list":["post-352","page","type-page","status-publish","hentry"],"_links":{"self":[{"href":"https:\/\/palmarinn.mx\/index.php?rest_route=\/wp\/v2\/pages\/352","targetHints":{"allow":["GET"]}}],"collection":[{"href":"https:\/\/palmarinn.mx\/index.php?rest_route=\/wp\/v2\/pages"}],"about":[{"href":"https:\/\/palmarinn.mx\/index.php?rest_route=\/wp\/v2\/types\/page"}],"author":[{"embeddable":true,"href":"https:\/\/palmarinn.mx\/index.php?rest_route=\/wp\/v2\/users\/1"}],"replies":[{"embeddable":true,"href":"https:\/\/palmarinn.mx\/index.php?rest_route=%2Fwp%2Fv2%2Fcomments&post=352"}],"version-history":[{"count":1,"href":"https:\/\/palmarinn.mx\/index.php?rest_route=\/wp\/v2\/pages\/352\/revisions"}],"predecessor-version":[{"id":656,"href":"https:\/\/palmarinn.mx\/index.php?rest_route=\/wp\/v2\/pages\/352\/revisions\/656"}],"wp:attachment":[{"href":"https:\/\/palmarinn.mx\/index.php?rest_route=%2Fwp%2Fv2%2Fmedia&parent=352"}],"curies":[{"name":"wp","href":"https:\/\/api.w.org\/{rel}","templated":true}]}}